{"id":13487,"date":"2021-11-15T15:03:34","date_gmt":"2021-11-15T15:03:34","guid":{"rendered":"https:\/\/impreza26.us-themes.com\/?page_id=477"},"modified":"2025-06-30T14:30:32","modified_gmt":"2025-06-30T11:30:32","slug":"contact-us-2","status":"publish","type":"page","link":"https:\/\/www.eresmedya.com\/en\/contact-us-2\/","title":{"rendered":"Conract Us"},"content":{"rendered":"<section class=\"l-section wpb_row height_auto width_full\"><div class=\"l-section-h i-cf\"><div class=\"g-cols vc_row via_grid cols_1 laptops-cols_inherit tablets-cols_inherit mobiles-cols_1 valign_middle type_default stacking_default\" style=\"--columns-gap:0rem;\"><div class=\"wpb_column vc_column_container\"><div class=\"vc_column-inner\"><div class=\"w-map provider_google us_custom_f9d0b101\" id=\"us_map_1\"><div class=\"w-map-inner\"><div class=\"w-map-json\" onclick='return {&quot;address&quot;:&quot;41.075314048410846, 28.972632082100333&quot;,&quot;disableDragging&quot;:1,&quot;disableZoom&quot;:1,&quot;hideControls&quot;:1,&quot;zoom&quot;:16,&quot;markers&quot;:[{&quot;address&quot;:&quot;41.075314048410846, 28.972632082100333&quot;,&quot;html&quot;:&quot;&lt;h6&gt;Eres Medya&lt;\\\/h6&gt;&lt;p&gt;Dap Vadisi S Ofis 72, K\\u00e2\\u011f\\u0131thane, \\u0130stanbul&lt;\\\/p&gt;&quot;,&quot;infowindow&quot;:&quot;1&quot;}],&quot;maptype&quot;:&quot;ROADMAP&quot;}'><\/div><\/div><\/div><\/div><\/div><\/div><\/div><\/section><section class=\"l-section wpb_row height_large\"><div class=\"l-section-h i-cf\"><div class=\"g-cols vc_row via_grid cols_2 laptops-cols_2-3 tablets-cols_2 mobiles-cols_1 valign_top type_default stacking_default\"><div class=\"wpb_column vc_column_container\"><div class=\"vc_column-inner\"><h2 class=\"w-text\"><span class=\"w-text-h\"><span class=\"w-text-value\">Contact us<\/span><\/span><\/h2><div class=\"w-separator size_small\"><\/div><div class=\"w-html\"><div class='fluentform ff-default fluentform_wrapper_3 ffs_default_wrap'><form data-form_id=\"3\" id=\"fluentform_3\" class=\"frm-fluent-form fluent_form_3 ff-el-form-top ff_form_instance_3_1 ff-form-loading ffs_default\" data-form_instance=\"ff_form_instance_3_1\" method=\"POST\" ><fieldset  style=\"border: none!important;margin: 0!important;padding: 0!important;background-color: transparent!important;box-shadow: none!important;outline: none!important; min-inline-size: 100%;\">\n                    <legend class=\"ff_screen_reader_title\" style=\"display: block; margin: 0!important;padding: 0!important;height: 0!important;text-indent: -999999px;width: 0!important;overflow:hidden;\">\u0130leti\u015fim Sayfas\u0131<\/legend><input type='hidden' name='__fluent_form_embded_post_id' value='13487' \/><input type=\"hidden\" id=\"_fluentform_3_fluentformnonce\" name=\"_fluentform_3_fluentformnonce\" value=\"524ef5fec1\" \/><input type=\"hidden\" name=\"_wp_http_referer\" value=\"\/en\/wp-json\/wp\/v2\/pages\/13487\" \/><div data-type=\"name-element\" data-name=\"names\" class=\" ff-field_container ff-name-field-wrapper\" ><div class='ff-t-container'><div class='ff-t-cell '><div class='ff-el-group'><div class=\"ff-el-input--label ff-el-is-required asterisk-right\"><label for='ff_3_names_first_name_' id='label_ff_3_names_first_name_' >Ad\u0131n\u0131z<\/label><\/div><div class='ff-el-input--content'><input type=\"text\" name=\"names[first_name]\" id=\"ff_3_names_first_name_\" class=\"ff-el-form-control\" aria-invalid=\"false\" aria-required=true><\/div><\/div><\/div><div class='ff-t-cell '><div class='ff-el-group'><div class=\"ff-el-input--label ff-el-is-required asterisk-right\"><label for='ff_3_names_last_name_' id='label_ff_3_names_last_name_' >Soyad\u0131n\u0131z<\/label><\/div><div class='ff-el-input--content'><input type=\"text\" name=\"names[last_name]\" id=\"ff_3_names_last_name_\" class=\"ff-el-form-control\" aria-invalid=\"false\" aria-required=true><\/div><\/div><\/div><\/div><\/div><div data-name=\"ff_cn_id_1\"  class='ff-t-container ff-column-container ff_columns_total_2 '><div class='ff-t-cell ff-t-column-1' style='flex-basis: 50%;'><div class='ff-el-group'><div class=\"ff-el-input--label ff-el-is-required asterisk-right\"><label for='ff_3_email_1' id='label_ff_3_email_1' aria-label=\"E-posta Adresi\">E-posta Adresi<\/label><\/div><div class='ff-el-input--content'><input type=\"email\" name=\"email_1\" id=\"ff_3_email_1\" class=\"ff-el-form-control\" data-name=\"email_1\"  aria-invalid=\"false\" aria-required=true><\/div><\/div><\/div><div class='ff-t-cell ff-t-column-2' style='flex-basis: 50%;'><div class='ff-el-group'><div class=\"ff-el-input--label ff-el-is-required asterisk-right\"><label for='ff_3_phone' id='label_ff_3_phone' aria-label=\"Telefon\">Telefon<\/label><\/div><div class='ff-el-input--content'><input name=\"phone\" class=\"ff-el-form-control ff-el-phone ff_el_with_extended_validation\" type=\"tel\" data-name=\"phone\" id=\"ff_3_phone\" inputmode=\"tel\"  aria-invalid='false' aria-required=true><\/div><\/div><\/div><\/div><div class='ff-el-group'><div class=\"ff-el-input--label ff-el-is-required asterisk-right\"><label for='ff_3_message' id='label_ff_3_message' aria-label=\"Mesaj\u0131n\u0131z\">Mesaj\u0131n\u0131z<\/label><\/div><div class='ff-el-input--content'><textarea aria-required=\"true\" aria-labelledby=\"label_ff_3_message\" name=\"message\" id=\"ff_3_message\" class=\"ff-el-form-control\" placeholder=\"L\u00fctfen k\u0131saca yaz\u0131n\u0131z\" rows=\"3\" cols=\"2\" data-name=\"message\" ><\/textarea><\/div><\/div><div data-name=\"ff_cn_id_2\"  class='ff-t-container ff-column-container ff_columns_total_2 '><div class='ff-t-cell ff-t-column-1' style='flex-basis: 58.91%;'><div class='ff-el-group    ff-el-input--content'><div class='ff-el-form-check ff-el-tc'><label aria-label='\u00a0 \u00c7erezler, \u015eartlar ve Ko\u015fullar ile Gizlilik Politikas\u0131n\u0131 okudum ve kabul ediyorum.' class='ff-el-form-check-label ff_tc_label' for=terms-n-condition_54335b69f394418ed402e74f7653deb0><span class='ff_tc_checkbox'><input type=\"checkbox\" name=\"terms-n-condition\" class=\"ff-el-form-check-input\" data-name=\"terms-n-condition\" id=\"terms-n-condition_54335b69f394418ed402e74f7653deb0\"  value='on' aria-invalid='false' aria-required=true><\/span> <div class='ff_t_c'><p><strong>\u00a0 \u00c7erezler, \u015eartlar ve Ko\u015fullar<\/strong> ile <strong>Gizlilik Politikas\u0131n\u0131<\/strong> okudum ve kabul ediyorum.<\/p><\/div><\/label><\/div><\/div><\/div><div class='ff-t-cell ff-t-column-2' style='flex-basis: 41.09%;'><div class='ff-el-group ff-text-left ff_submit_btn_wrapper ff_submit_btn_wrapper_custom'><button class=\"ff-btn ff-btn-submit ff-btn-lg ff_btn_style wpf_has_custom_css\" type=\"submit\" name=\"custom_submit_button-3_1\" data-name=\"custom_submit_button-3_1\"  aria-label=\"Formu G\u00f6nder\">Formu G\u00f6nder<\/button><style>form.fluent_form_3 .wpf_has_custom_css.ff-btn-submit { background-color:rgba(50, 8, 168, 1);border-color:rgba(50, 8, 168, 1);color:#ffffff;border-radius:4px;min-width:100%; }form.fluent_form_3 .wpf_has_custom_css.ff-btn-submit:hover { background-color:rgba(98, 49, 237, 1);border-color:rgba(98, 49, 237, 1);color:#FFFFFF;min-width:100%; } <\/style><\/div><\/div><\/div>\t\t<div id=\"cf-turnstile-fluent-1032832354\"\r\n\t\tclass=\"cf-turnstile\" data-callback=\"turnstileFluentCallback\"\t\tdata-sitekey=\"0x4AAAAAAAPNNhuePwCodRjD\"\r\n\t\tdata-theme=\"light\"\r\n\t\tdata-language=\"auto\"\r\n\t\tdata-size=\"\"\r\n\t\tdata-retry=\"auto\" data-retry-interval=\"1000\"\r\n\t\tdata-refresh-expired=\"auto\"\r\n\t\tdata-refresh-timeout=\"auto\"\r\n\t\tdata-action=\"fluent-form-3\"\r\n\t\tdata-callback=\"turnstileFluentCallback\"\r\n\t\t\t\tdata-appearance=\"always\"><\/div>\r\n\t\t\t\t<style>.fluentform .ff-btn-submit { pointer-events: none; opacity: 0.5; }<\/style>\r\n\t\t\t<script>document.addEventListener(\"DOMContentLoaded\", function() { setTimeout(function(){ var e=document.getElementById(\"cf-turnstile-fluent-1032832354\"); if(e&&!e.innerHTML.trim()){turnstile.render(e, {sitekey:\"0x4AAAAAAAPNNhuePwCodRjD\"});} }, 200); });<\/script>\r\n\t\t\t<br class=\"cf-turnstile-br cf-turnstile-br-fluent-1032832354\">\r\n\t\t\t\t<style>#cf-turnstile-fluent-1032832354 { margin-left: -15px; }<\/style>\r\n\t\t<\/fieldset><\/form><div id='fluentform_3_errors' class='ff-errors-in-stack ff_form_instance_3_1 ff-form-loading_errors ff_form_instance_3_1_errors'><\/div><\/div>            <script type=\"text\/javascript\">\n                window.fluent_form_ff_form_instance_3_1 = {\"id\":\"3\",\"ajaxUrl\":\"https:\\\/\\\/www.eresmedya.com\\\/wp-admin\\\/admin-ajax.php\",\"settings\":{\"layout\":{\"labelPlacement\":\"top\",\"helpMessagePlacement\":\"on_focus\",\"errorMessagePlacement\":\"inline\",\"cssClassName\":\"\",\"asteriskPlacement\":\"asterisk-right\"},\"restrictions\":{\"denyEmptySubmission\":{\"enabled\":false}}},\"form_instance\":\"ff_form_instance_3_1\",\"form_id_selector\":\"fluentform_3\",\"rules\":{\"names[first_name]\":{\"required\":{\"value\":true,\"message\":\"Ad\\u0131n\\u0131z\\u0131 yaz\\u0131n!\",\"global\":false,\"global_message\":\"Bu alan gereklidir\"}},\"names[middle_name]\":{\"required\":{\"value\":false,\"message\":\"This field is required\",\"global\":false,\"global_message\":\"Bu alan gereklidir\"}},\"names[last_name]\":{\"required\":{\"value\":true,\"message\":\"Soyad\\u0131n\\u0131z\\u0131 yaz\\u0131n!\",\"global\":false,\"global_message\":\"Bu alan gereklidir\"}},\"email_1\":{\"required\":{\"value\":true,\"message\":\"E-posta adresi girin!\",\"global_message\":\"Bu alan gereklidir\",\"global\":false},\"email\":{\"value\":true,\"message\":\"Bu alan ge\\u00e7erli bir e-posta i\\u00e7ermelidir\",\"global_message\":\"Bu alan ge\\u00e7erli bir e-posta i\\u00e7ermelidir\",\"global\":false}},\"phone\":{\"required\":{\"value\":true,\"message\":\"Telefon numaras\\u0131 gereklidir\",\"global\":false,\"global_message\":\"Bu alan gereklidir\"},\"valid_phone_number\":{\"value\":true,\"message\":\"Telefon numaras\\u0131 ge\\u00e7erli de\\u011fil\",\"global\":false,\"global_message\":\"Telefon numaras\\u0131 ge\\u00e7erli de\\u011fil\"}},\"message\":{\"required\":{\"value\":true,\"message\":\"L\\u00fctfen biraz bilgi verin!\",\"global\":false,\"global_message\":\"Bu alan gereklidir\"}},\"terms-n-condition\":{\"required\":{\"value\":true,\"message\":\"Bu alan gereklidir\",\"global_message\":\"Bu alan gereklidir\",\"global\":true}}},\"debounce_time\":300};\n                            <\/script>\n            <\/div><\/div><\/div><div class=\"wpb_column vc_column_container us_custom_63c7a4aa has_bg_color\"><div class=\"vc_column-inner\"><div class=\"w-separator size_small\"><\/div><div class=\"w-text\"><span class=\"w-text-h\"><span class=\"w-text-value\">Send email<\/span><\/span><\/div><div class=\"w-separator size_custom\" style=\"height:15px\"><\/div><h4 class=\"w-text\"><a href=\"http:\/\/info@eresmedya.com\" class=\"w-text-h\" target=\"_blank\" rel=\"noopener\"><span class=\"w-text-value\"> info@eresmedya.com<\/span><\/a><\/h4><div class=\"w-separator size_small with_line width_default thick_1 style_solid color_border align_center\"><div class=\"w-separator-h\"><\/div><\/div><div class=\"w-text\"><span class=\"w-text-h\"><span class=\"w-text-value\">Telephone<\/span><\/span><\/div><div class=\"w-separator size_custom\" style=\"height:15px\"><\/div><h4 class=\"w-text\"><a href=\"tel:0850 255 55 11\" class=\"w-text-h\"><span class=\"w-text-value\">0850 255 55 11<\/span><\/a><\/h4><div class=\"w-separator size_small with_line width_default thick_1 style_solid color_border align_center\"><div class=\"w-separator-h\"><\/div><\/div><div class=\"w-text\"><span class=\"w-text-h\"><span class=\"w-text-value\">Address<\/span><\/span><\/div><div class=\"w-separator size_custom\" style=\"height:15px\"><\/div><h4 class=\"w-text\"><span class=\"w-text-h\"><span class=\"w-text-value\">Dap Vadisi S Ofis 72 Ka\u011f\u0131thane, \u0130stanbul<\/span><\/span><\/h4><div class=\"w-separator size_custom\" style=\"height:15px\"><\/div><div class=\"w-text\"><span class=\"w-text-h\"><span class=\"w-text-value\">Social Media<\/span><\/span><\/div><div class=\"w-socials color_brand shape_square style_default hover_fade\"><div class=\"w-socials-list\"><div class=\"w-socials-item instagram\"><a href=\"https:\/\/www.instagram.com\/eresmedya\" class=\"w-socials-item-link\" aria-label=\"Instagram\" target=\"_blank\" rel=\"noopener\"><span class=\"w-socials-item-link-hover\"><\/span><i class=\"fab fa-instagram\"><\/i><\/a><div class=\"w-socials-item-popup\"><span>Instagram<\/span><\/div><\/div><div class=\"w-socials-item linkedin\"><a href=\"https:\/\/www.linkedin.com\/company\/eresmedya\" class=\"w-socials-item-link\" aria-label=\"LinkedIn\" target=\"_blank\" rel=\"noopener\"><span class=\"w-socials-item-link-hover\"><\/span><i class=\"fab fa-linkedin\"><\/i><\/a><div class=\"w-socials-item-popup\"><span>LinkedIn<\/span><\/div><\/div><div class=\"w-socials-item facebook\"><a href=\"https:\/\/www.facebook.com\/eresmedya\" class=\"w-socials-item-link\" aria-label=\"Facebook\" target=\"_blank\" rel=\"noopener\"><span class=\"w-socials-item-link-hover\"><\/span><i class=\"fab fa-facebook\"><\/i><\/a><div class=\"w-socials-item-popup\"><span>Facebook<\/span><\/div><\/div><div class=\"w-socials-item twitter\"><a href=\"https:\/\/www.twitter.com\/eresmedya\" class=\"w-socials-item-link\" aria-label=\"X\" target=\"_blank\" rel=\"noopener\"><span class=\"w-socials-item-link-hover\"><\/span><i class=\"fab fa-x-twitter\"><svg style=\"width:1em; margin-bottom:-.1em;\" xmlns=\"http:\/\/www.w3.org\/2000\/svg\" viewBox=\"0 0 512 512\" role=\"presentation\"><path fill=\"currentColor\" d=\"M389.2 48h70.6L305.6 224.2 487 464H345L233.7 318.6 106.5 464H35.8L200.7 275.5 26.8 48H172.4L272.9 180.9 389.2 48zM364.4 421.8h39.1L151.1 88h-42L364.4 421.8z\"\/><\/svg><\/i><\/a><div class=\"w-socials-item-popup\"><span>X<\/span><\/div><\/div><\/div><\/div><\/div><\/div><\/div><\/div><\/section>\n","protected":false},"excerpt":{"rendered":"","protected":false},"author":1,"featured_media":0,"parent":0,"menu_order":0,"comment_status":"closed","ping_status":"closed","template":"","meta":{"footnotes":""},"class_list":["post-13487","page","type-page","status-publish","hentry"],"_links":{"self":[{"href":"https:\/\/www.eresmedya.com\/en\/wp-json\/wp\/v2\/pages\/13487","targetHints":{"allow":["GET"]}}],"collection":[{"href":"https:\/\/www.eresmedya.com\/en\/wp-json\/wp\/v2\/pages"}],"about":[{"href":"https:\/\/www.eresmedya.com\/en\/wp-json\/wp\/v2\/types\/page"}],"author":[{"embeddable":true,"href":"https:\/\/www.eresmedya.com\/en\/wp-json\/wp\/v2\/users\/1"}],"replies":[{"embeddable":true,"href":"https:\/\/www.eresmedya.com\/en\/wp-json\/wp\/v2\/comments?post=13487"}],"version-history":[{"count":0,"href":"https:\/\/www.eresmedya.com\/en\/wp-json\/wp\/v2\/pages\/13487\/revisions"}],"wp:attachment":[{"href":"https:\/\/www.eresmedya.com\/en\/wp-json\/wp\/v2\/media?parent=13487"}],"curies":[{"name":"wp","href":"https:\/\/api.w.org\/{rel}","templated":true}]}}